{"id":44905,"date":"2025-03-25T12:41:08","date_gmt":"2025-03-25T12:41:08","guid":{"rendered":"https:\/\/marivaning.com\/datenschutzrichtlinie-akzeptanz\/"},"modified":"2025-04-29T16:47:32","modified_gmt":"2025-04-29T16:47:32","slug":"datenschutzrichtlinie-akzeptanz","status":"publish","type":"page","link":"https:\/\/marivaning.com\/de\/datenschutzrichtlinie-akzeptanz\/","title":{"rendered":"Datenschutzrichtlinie - Akzeptanz"},"content":{"rendered":"\t\t<div data-elementor-type=\"wp-page\" data-elementor-id=\"44905\" class=\"elementor elementor-44905 elementor-44781\" data-elementor-post-type=\"page\">\n\t\t\t\t\t\t<section class=\"elementor-section elementor-top-section elementor-element elementor-element-2b1184b0 elementor-section-boxed elementor-section-height-default elementor-section-height-default wpr-particle-no wpr-jarallax-no wpr-parallax-no wpr-sticky-section-no wpr-equal-height-no sc_fly_static\" data-id=\"2b1184b0\" data-element_type=\"section\" data-e-type=\"section\" data-settings=\"{&quot;background_background&quot;:&quot;classic&quot;}\">\n\t\t\t\t\t\t<div class=\"elementor-container elementor-column-gap-extended\">\n\t\t\t\t\t<div class=\"elementor-column elementor-col-100 elementor-top-column elementor-element elementor-element-153e1c19 sc_content_align_inherit sc_layouts_column_icons_position_left sc_fly_static\" data-id=\"153e1c19\" data-element_type=\"column\" data-e-type=\"column\">\n\t\t\t<div class=\"elementor-widget-wrap elementor-element-populated\">\n\t\t\t\t\t\t<div class=\"elementor-element elementor-element-54db29de sc_fly_static elementor-widget elementor-widget-text-editor\" data-id=\"54db29de\" data-element_type=\"widget\" data-e-type=\"widget\" data-widget_type=\"text-editor.default\">\n\t\t\t\t<div class=\"elementor-widget-container\">\n\t\t\t\t\t\t\t\t\t<h5>Wer sind wir?<\/h5><ul><li>Name: Marivaning (Ezequiel Mari)<\/li><li>NIF: X5365988L<\/li><li>Adresse: Carrer Migdia 9, Postfach 36, Marganell (08298), Barcelona, \u200b\u200b\u200b\u200bSpanien.<\/li><li>E-Mail: info@marivaning.com<\/li><\/ul><h5>1. die Reservierungsanforderungen<\/h5><ul><li>Die Reservierung gilt erst dann als best\u00e4tigt, wenn Marivaning die Reservierung validiert hat und der Mieter die<br>Zahlung von 30% des Gesamtbetrags.<\/li><li>Wenn die Zahlung nicht innerhalb von 24 Stunden erfolgt, wird die Buchung automatisch storniert.<\/li><\/ul><h5>2. Alter und Dokumentation<\/h5><ul><li>Der Hauptfahrer und alle weiteren Fahrer m\u00fcssen mindestens 26 Jahre alt sein und einen F\u00fchrerschein der Klasse B mit mehr als<br>zwei Jahre alt.<\/li><li>Sie m\u00fcssen Ihren Ausweis\/Pass und Ihren F\u00fchrerschein 48 Stunden vor der Abholung vorlegen. Wenn fehlt<br>Unterlagen, wird die Buchung gem\u00e4\u00df den geltenden Stornierungsbedingungen storniert.<\/li><li>Einwohner von au\u00dferhalb der Europ\u00e4ischen Union m\u00fcssen einen internationalen F\u00fchrerschein vorlegen.<\/li><\/ul><h5>3. tarife und allgemeine Bedingungen<\/h5><ul><li>Der Mindestaufenthalt betr\u00e4gt 3 Tage und Sie zahlen f\u00fcr volle Tage.<\/li><li>Der Preis der Reservierung beinhaltet die Mehrwertsteuer und eine Vollkaskoversicherung mit Selbstbeteiligung.<\/li><li>Bei einer Anmietung von bis zu 6 Tagen liegt die Grenze bei 275 km\/Tag. Bei \u00dcberschreitung wird ein Aufpreis von 0,35 \u20ac\/km berechnet.<\/li><li>Bei Anmietungen von mehr als 6 Tagen ist die Kilometerzahl unbegrenzt.<\/li><\/ul><h5>4. Zahlungen, Stornierungen und R\u00fcckerstattungen<\/h5><ul><li>Die vollst\u00e4ndige Zahlung muss 10 Tage vor Mietbeginn per Bank\u00fcberweisung erfolgen.<\/li><li>Stornierungsgeb\u00fchren (muss schriftlich beantragt werden)<\/li><li>Bis zu 30 Tage vor Beginn des Mietzeitraums: 50% der Kaution.<\/li><li>Weniger als 15 Tage vorher: 100% der Anzahlung.<\/li><\/ul><h5>5. Modifikationen und Verf\u00fcgbarkeit<\/h5><ul><li>Wenn der Kunde eine \u00c4nderung der Reservierung w\u00fcnscht, muss er dies mindestens 3 Tage im Voraus mitteilen, je nach Verf\u00fcgbarkeit.<\/li><li>Im Falle h\u00f6herer Gewalt, die die Auslieferung des Lieferwagens verhindert, erstattet Marivaning die Kaution ohne Anspruch auf eine zus\u00e4tzliche Entsch\u00e4digung zur\u00fcck.<\/li><\/ul><h5>6. Kaution<\/h5><ul><li>Eine Kaution von 950 \u20ac mit Visa\/Mastercard ist erforderlich.<\/li><li>Die Kaution wird nach der Inspektion des Fahrzeugs zur\u00fcckerstattet, abz\u00fcglich eventueller Sch\u00e4den oder ausstehender Kosten.<\/li><\/ul><h5>7. Datenschutz<\/h5><ul><li>Die personenbezogenen Daten werden ausschlie\u00dflich f\u00fcr die Verwaltung der Reservierung und die Erf\u00fcllung der Verpflichtungen verarbeitet.<br>legal.<\/li><li>Sie k\u00f6nnen Ihre Rechte auf Auskunft, Berichtigung und L\u00f6schung aus\u00fcben, indem Sie eine Anfrage an info@marivaning.com senden.<\/li><\/ul>\t\t\t\t\t\t\t\t<\/div>\n\t\t\t\t<\/div>\n\t\t\t\t\t<\/div>\n\t\t<\/div>\n\t\t\t\t\t<\/div>\n\t\t<\/section>\n\t\t\t\t<\/div>\n\t\t","protected":false},"excerpt":{"rendered":"<p>Wer sind wir? Name: Marivaning (Ezequiel Mari) NIF: X5365988L Adresse: Carrer Migdia 9, Postfach 36, Marganell (08298), Barcelona, \u200b\u200b\u200b\u200bSpanien. E-Mail: info@marivaning.com 1. die Reservierungsanforderungen Die Reservierung gilt erst dann als&hellip;<\/p>\n","protected":false},"author":1,"featured_media":0,"parent":0,"menu_order":0,"comment_status":"closed","ping_status":"closed","template":"","meta":{"footnotes":""},"class_list":["post-44905","page","type-page","status-publish","hentry"],"yoast_head":"<!-- This site is optimized with the Yoast SEO plugin v27.3 - https:\/\/yoast.com\/product\/yoast-seo-wordpress\/ -->\n<title>Datenschutzrichtlinie - Akzeptanz - Marivaning<\/title>\n<meta name=\"robots\" content=\"index, follow, max-snippet:-1, max-image-preview:large, max-video-preview:-1\" \/>\n<link rel=\"canonical\" href=\"https:\/\/marivaning.com\/de\/datenschutzrichtlinie-akzeptanz\/\" \/>\n<meta property=\"og:locale\" content=\"de_DE\" \/>\n<meta property=\"og:type\" content=\"article\" \/>\n<meta property=\"og:title\" content=\"Datenschutzrichtlinie - Akzeptanz - Marivaning\" \/>\n<meta property=\"og:description\" content=\"Wer sind wir? Name: Marivaning (Ezequiel Mari) NIF: X5365988L Adresse: Carrer Migdia 9, Postfach 36, Marganell (08298), Barcelona, \u200b\u200b\u200b\u200bSpanien. E-Mail: info@marivaning.com 1. die Reservierungsanforderungen Die Reservierung gilt erst dann als&hellip;\" \/>\n<meta property=\"og:url\" content=\"https:\/\/marivaning.com\/de\/datenschutzrichtlinie-akzeptanz\/\" \/>\n<meta property=\"og:site_name\" content=\"Marivaning\" \/>\n<meta property=\"article:modified_time\" content=\"2025-04-29T16:47:32+00:00\" \/>\n<meta property=\"og:image\" content=\"https:\/\/marivaning.com\/wp-content\/uploads\/2025\/02\/2-challenger-alquilar-furgoneta-V114-max-road-marivaning.jpg\" \/>\n\t<meta property=\"og:image:width\" content=\"1692\" \/>\n\t<meta property=\"og:image:height\" content=\"1174\" \/>\n\t<meta property=\"og:image:type\" content=\"image\/jpeg\" \/>\n<meta name=\"twitter:card\" content=\"summary_large_image\" \/>\n<meta name=\"twitter:label1\" content=\"Gesch\u00e4tzte Lesezeit\" \/>\n\t<meta name=\"twitter:data1\" content=\"2\u00a0Minuten\" \/>\n<script type=\"application\/ld+json\" class=\"yoast-schema-graph\">{\"@context\":\"https:\\\/\\\/schema.org\",\"@graph\":[{\"@type\":\"WebPage\",\"@id\":\"https:\\\/\\\/marivaning.com\\\/de\\\/datenschutzrichtlinie-akzeptanz\\\/\",\"url\":\"https:\\\/\\\/marivaning.com\\\/de\\\/datenschutzrichtlinie-akzeptanz\\\/\",\"name\":\"Datenschutzrichtlinie - Akzeptanz - Marivaning\",\"isPartOf\":{\"@id\":\"https:\\\/\\\/marivaning.com\\\/de\\\/#website\"},\"datePublished\":\"2025-03-25T12:41:08+00:00\",\"dateModified\":\"2025-04-29T16:47:32+00:00\",\"breadcrumb\":{\"@id\":\"https:\\\/\\\/marivaning.com\\\/de\\\/datenschutzrichtlinie-akzeptanz\\\/#breadcrumb\"},\"inLanguage\":\"de\",\"potentialAction\":[{\"@type\":\"ReadAction\",\"target\":[\"https:\\\/\\\/marivaning.com\\\/de\\\/datenschutzrichtlinie-akzeptanz\\\/\"]}]},{\"@type\":\"BreadcrumbList\",\"@id\":\"https:\\\/\\\/marivaning.com\\\/de\\\/datenschutzrichtlinie-akzeptanz\\\/#breadcrumb\",\"itemListElement\":[{\"@type\":\"ListItem\",\"position\":1,\"name\":\"Home\",\"item\":\"https:\\\/\\\/marivaning.com\\\/de\\\/\"},{\"@type\":\"ListItem\",\"position\":2,\"name\":\"Datenschutzrichtlinie &#8211; Akzeptanz\"}]},{\"@type\":\"WebSite\",\"@id\":\"https:\\\/\\\/marivaning.com\\\/de\\\/#website\",\"url\":\"https:\\\/\\\/marivaning.com\\\/de\\\/\",\"name\":\"Marivaning\",\"description\":\"Alquila tu Camper a medida\",\"publisher\":{\"@id\":\"https:\\\/\\\/marivaning.com\\\/de\\\/#organization\"},\"potentialAction\":[{\"@type\":\"SearchAction\",\"target\":{\"@type\":\"EntryPoint\",\"urlTemplate\":\"https:\\\/\\\/marivaning.com\\\/de\\\/?s={search_term_string}\"},\"query-input\":{\"@type\":\"PropertyValueSpecification\",\"valueRequired\":true,\"valueName\":\"search_term_string\"}}],\"inLanguage\":\"de\"},{\"@type\":\"Organization\",\"@id\":\"https:\\\/\\\/marivaning.com\\\/de\\\/#organization\",\"name\":\"Marivaning\",\"url\":\"https:\\\/\\\/marivaning.com\\\/de\\\/\",\"logo\":{\"@type\":\"ImageObject\",\"inLanguage\":\"de\",\"@id\":\"https:\\\/\\\/marivaning.com\\\/de\\\/#\\\/schema\\\/logo\\\/image\\\/\",\"url\":\"https:\\\/\\\/marivaning.com\\\/wp-content\\\/uploads\\\/2025\\\/01\\\/logotipo-menta-png.png\",\"contentUrl\":\"https:\\\/\\\/marivaning.com\\\/wp-content\\\/uploads\\\/2025\\\/01\\\/logotipo-menta-png.png\",\"width\":2562,\"height\":455,\"caption\":\"Marivaning\"},\"image\":{\"@id\":\"https:\\\/\\\/marivaning.com\\\/de\\\/#\\\/schema\\\/logo\\\/image\\\/\"},\"sameAs\":[\"https:\\\/\\\/www.instagram.com\\\/marivaning\\\/\"]}]}<\/script>\n<!-- \/ Yoast SEO plugin. -->","yoast_head_json":{"title":"Datenschutzrichtlinie - Akzeptanz - Marivaning","robots":{"index":"index","follow":"follow","max-snippet":"max-snippet:-1","max-image-preview":"max-image-preview:large","max-video-preview":"max-video-preview:-1"},"canonical":"https:\/\/marivaning.com\/de\/datenschutzrichtlinie-akzeptanz\/","og_locale":"de_DE","og_type":"article","og_title":"Datenschutzrichtlinie - Akzeptanz - Marivaning","og_description":"Wer sind wir? Name: Marivaning (Ezequiel Mari) NIF: X5365988L Adresse: Carrer Migdia 9, Postfach 36, Marganell (08298), Barcelona, \u200b\u200b\u200b\u200bSpanien. E-Mail: info@marivaning.com 1. die Reservierungsanforderungen Die Reservierung gilt erst dann als&hellip;","og_url":"https:\/\/marivaning.com\/de\/datenschutzrichtlinie-akzeptanz\/","og_site_name":"Marivaning","article_modified_time":"2025-04-29T16:47:32+00:00","og_image":[{"width":1692,"height":1174,"url":"https:\/\/marivaning.com\/wp-content\/uploads\/2025\/02\/2-challenger-alquilar-furgoneta-V114-max-road-marivaning.jpg","type":"image\/jpeg"}],"twitter_card":"summary_large_image","twitter_misc":{"Gesch\u00e4tzte Lesezeit":"2\u00a0Minuten"},"schema":{"@context":"https:\/\/schema.org","@graph":[{"@type":"WebPage","@id":"https:\/\/marivaning.com\/de\/datenschutzrichtlinie-akzeptanz\/","url":"https:\/\/marivaning.com\/de\/datenschutzrichtlinie-akzeptanz\/","name":"Datenschutzrichtlinie - Akzeptanz - Marivaning","isPartOf":{"@id":"https:\/\/marivaning.com\/de\/#website"},"datePublished":"2025-03-25T12:41:08+00:00","dateModified":"2025-04-29T16:47:32+00:00","breadcrumb":{"@id":"https:\/\/marivaning.com\/de\/datenschutzrichtlinie-akzeptanz\/#breadcrumb"},"inLanguage":"de","potentialAction":[{"@type":"ReadAction","target":["https:\/\/marivaning.com\/de\/datenschutzrichtlinie-akzeptanz\/"]}]},{"@type":"BreadcrumbList","@id":"https:\/\/marivaning.com\/de\/datenschutzrichtlinie-akzeptanz\/#breadcrumb","itemListElement":[{"@type":"ListItem","position":1,"name":"Home","item":"https:\/\/marivaning.com\/de\/"},{"@type":"ListItem","position":2,"name":"Datenschutzrichtlinie &#8211; Akzeptanz"}]},{"@type":"WebSite","@id":"https:\/\/marivaning.com\/de\/#website","url":"https:\/\/marivaning.com\/de\/","name":"Marivaning","description":"Alquila tu Camper a medida","publisher":{"@id":"https:\/\/marivaning.com\/de\/#organization"},"potentialAction":[{"@type":"SearchAction","target":{"@type":"EntryPoint","urlTemplate":"https:\/\/marivaning.com\/de\/?s={search_term_string}"},"query-input":{"@type":"PropertyValueSpecification","valueRequired":true,"valueName":"search_term_string"}}],"inLanguage":"de"},{"@type":"Organization","@id":"https:\/\/marivaning.com\/de\/#organization","name":"Marivaning","url":"https:\/\/marivaning.com\/de\/","logo":{"@type":"ImageObject","inLanguage":"de","@id":"https:\/\/marivaning.com\/de\/#\/schema\/logo\/image\/","url":"https:\/\/marivaning.com\/wp-content\/uploads\/2025\/01\/logotipo-menta-png.png","contentUrl":"https:\/\/marivaning.com\/wp-content\/uploads\/2025\/01\/logotipo-menta-png.png","width":2562,"height":455,"caption":"Marivaning"},"image":{"@id":"https:\/\/marivaning.com\/de\/#\/schema\/logo\/image\/"},"sameAs":["https:\/\/www.instagram.com\/marivaning\/"]}]}},"_links":{"self":[{"href":"https:\/\/marivaning.com\/de\/wp-json\/wp\/v2\/pages\/44905","targetHints":{"allow":["GET"]}}],"collection":[{"href":"https:\/\/marivaning.com\/de\/wp-json\/wp\/v2\/pages"}],"about":[{"href":"https:\/\/marivaning.com\/de\/wp-json\/wp\/v2\/types\/page"}],"author":[{"embeddable":true,"href":"https:\/\/marivaning.com\/de\/wp-json\/wp\/v2\/users\/1"}],"replies":[{"embeddable":true,"href":"https:\/\/marivaning.com\/de\/wp-json\/wp\/v2\/comments?post=44905"}],"version-history":[{"count":5,"href":"https:\/\/marivaning.com\/de\/wp-json\/wp\/v2\/pages\/44905\/revisions"}],"predecessor-version":[{"id":45570,"href":"https:\/\/marivaning.com\/de\/wp-json\/wp\/v2\/pages\/44905\/revisions\/45570"}],"wp:attachment":[{"href":"https:\/\/marivaning.com\/de\/wp-json\/wp\/v2\/media?parent=44905"}],"curies":[{"name":"wp","href":"https:\/\/api.w.org\/{rel}","templated":true}]}}